{"id":323,"date":"2020-10-11T17:32:56","date_gmt":"2020-10-11T17:32:56","guid":{"rendered":"https:\/\/smartravel.pt\/?page_id=323"},"modified":"2024-04-16T12:18:07","modified_gmt":"2024-04-16T12:18:07","slug":"agenda","status":"publish","type":"page","link":"https:\/\/smartravel.pt\/en\/agenda\/","title":{"rendered":"Agenda"},"content":{"rendered":"\t\t<div data-elementor-type=\"wp-page\" data-elementor-id=\"323\" class=\"elementor elementor-323\">\n\t\t\t\t\t\t<section class=\"elementor-section elementor-top-section elementor-element elementor-element-49fbc7e elementor-section-boxed elementor-section-height-default elementor-section-height-default\" data-id=\"49fbc7e\" data-element_type=\"section\">\n\t\t\t\t\t\t<div class=\"elementor-container elementor-column-gap-default\">\n\t\t\t\t\t<div class=\"elementor-column elementor-col-100 elementor-top-column elementor-element elementor-element-35c2db5\" data-id=\"35c2db5\" data-element_type=\"column\">\n\t\t\t<div class=\"elementor-widget-wrap elementor-element-populated\">\n\t\t\t\t\t\t<div class=\"elementor-element elementor-element-18c2930 elementor-widget elementor-widget-heading\" data-id=\"18c2930\" data-element_type=\"widget\" data-widget_type=\"heading.default\">\n\t\t\t\t<div class=\"elementor-widget-container\">\n\t\t\t<h1 class=\"elementor-heading-title elementor-size-default\">AGENDA<\/h1>\t\t<\/div>\n\t\t\t\t<\/div>\n\t\t\t\t\t<\/div>\n\t\t<\/div>\n\t\t\t\t\t<\/div>\n\t\t<\/section>\n\t\t\t\t<section class=\"elementor-section elementor-top-section elementor-element elementor-element-e5a3e54 elementor-section-stretched elementor-section-boxed elementor-section-height-default elementor-section-height-default\" data-id=\"e5a3e54\" data-element_type=\"section\" data-settings=\"{&quot;stretch_section&quot;:&quot;section-stretched&quot;}\">\n\t\t\t\t\t\t<div class=\"elementor-container elementor-column-gap-default\">\n\t\t\t\t\t<div class=\"elementor-column elementor-col-50 elementor-top-column elementor-element elementor-element-45f0e70\" data-id=\"45f0e70\" data-element_type=\"column\">\n\t\t\t<div class=\"elementor-widget-wrap elementor-element-populated\">\n\t\t\t\t\t\t<div class=\"elementor-element elementor-element-460ff43 elementor-widget elementor-widget-text-editor\" data-id=\"460ff43\" data-element_type=\"widget\" data-widget_type=\"text-editor.default\">\n\t\t\t\t<div class=\"elementor-widget-container\">\n\t\t\t\t\t\t\t<h3><span style=\"color: #c2000b;\"><strong>DAY 17<\/strong><\/span><\/h3><p><strong>14:00 <\/strong>Visit Luso (Meeting Point <a href=\"https:\/\/maps.app.goo.gl\/DkYVj5y1ARkU6hht9\">IVV Mealhada<\/a> 13h45)<strong><br \/><\/strong><\/p><p><strong>15:30<\/strong> Visit Mealhada<\/p><p><strong>During the visit, there will be a tasting of the 4 Wonders of Mesa da Mealhada<\/strong><\/p><p><strong>17:00<\/strong> Official opening Smart Travel 2024 ( <a href=\"https:\/\/maps.app.goo.gl\/DkYVj5y1ARkU6hht9\">IVV Mealhada<\/a>)<\/p><p><strong>Ant\u00f3nio Jorge Franco<\/strong> (Mayor Mealhada)<\/p><ul><li><a href=\"https:\/\/smartravel.pt\/en\/portfolio\/jose-alves-jana\/\"><b>Jos\u00e9 Alves Jana<\/b><\/a> (Fil\u00f3sofo) &#8211;\u00a0 &#8220;Philosophy in Smart Cities, the urgent return to Polis&#8221;<\/li><li><strong><a href=\"https:\/\/smartravel.pt\/portfolio\/vitor-pereira-director-smart-travel\/\">Vitor Pereira<\/a><\/strong> (Zoom Global Smart Cities) &#8211; &#8220;The different Currents of Intelligence and the Future of Cities\u201d<\/li><\/ul><p><strong>18:00<\/strong> Closing<\/p>\t\t\t\t\t\t<\/div>\n\t\t\t\t<\/div>\n\t\t\t\t\t<\/div>\n\t\t<\/div>\n\t\t\t\t<div class=\"elementor-column elementor-col-50 elementor-top-column elementor-element elementor-element-848c5f0\" data-id=\"848c5f0\" data-element_type=\"column\">\n\t\t\t<div class=\"elementor-widget-wrap elementor-element-populated\">\n\t\t\t\t\t\t<div class=\"elementor-element elementor-element-2cfcf47 elementor-widget elementor-widget-text-editor\" data-id=\"2cfcf47\" data-element_type=\"widget\" data-widget_type=\"text-editor.default\">\n\t\t\t\t<div class=\"elementor-widget-container\">\n\t\t\t\t\t\t\t<h3><span style=\"color: #c2000b;\"><strong>DAY 18<br \/><\/strong><\/span><\/h3><p><strong>10:00<\/strong> Opening<\/p><ul><li><a href=\"https:\/\/smartravel.pt\/portfolio\/vitor-pereira-director-smart-travel\/\">Vitor Pereira<\/a> (Chairman)<\/li><li><a href=\"https:\/\/smartravel.pt\/en\/portfolio\/filomena-pinheiro\/\">Filomena Pinheiro<\/a> (Vice-Mayor Mealhada)<\/li><li><a href=\"https:\/\/smartravel.pt\/portfolio\/jorge-sampaio\/\">Jorge Sampaio<\/a> (Turismo Centro de Portugal)<\/li><\/ul><p><strong>10:30<\/strong> <a href=\"https:\/\/smartravel.pt\/en\/portfolio\/piero-pelizzaro-2\/\">Piero Pelizzaro<\/a><\/p><p><strong>11:00<\/strong> Cities and Territory Panel<\/p><ul><li><a href=\"https:\/\/smartravel.pt\/portfolio\/paula-lavado\/\">Paula Lavado<\/a> (Munic\u00edpio Peniche)<\/li><li><a href=\"https:\/\/smartravel.pt\/en\/portfolio\/joao-andrade-machado\/\">Jo\u00e3o Machado<\/a> (Munic\u00edpio Aveiro)<\/li><li><a href=\"https:\/\/smartravel.pt\/en\/portfolio\/joao-serra\/\">Jo\u00e3o Serra<\/a> (Munic\u00edpio Lourinh\u00e3)<\/li><li><a href=\"https:\/\/smartravel.pt\/portfolio\/paulo-simoes\/\">Paulo Sim\u00f5es<\/a> (CIM-Oeste)<\/li><li><a href=\"https:\/\/smartravel.pt\/en\/portfolio\/hugo-silva\/\">Hugo Silva<\/a> (Munic\u00edpio Mealhada)<\/li><li><a href=\"https:\/\/smartravel.pt\/en\/portfolio\/nuno-pimenta\/\">Nuno Pimenta<\/a> (Munic\u00edpio Funchal)<\/li><\/ul><p><strong>Modera:<\/strong> <a href=\"https:\/\/smartravel.pt\/en\/portfolio\/claudia-monteiro\/\">Claudia Monteiro<\/a> (Revista Smart Cities)<\/p><p><strong>12:30<\/strong> <a href=\"https:\/\/smartravel.pt\/en\/portfolio\/jaeyeon-choe\/\">Jae yeon Choe<\/a> &#8211; &#8220;The importance of Wellbeing, Spiritual and Religious Tourism in the context of Destinations and Smart Cities&#8221;<\/p><p><strong>13:00<\/strong> Lunch<\/p><p><strong>14:00<\/strong> <a href=\"https:\/\/smartravel.pt\/en\/portfolio\/cristovao-monteiro\/\">Crist\u00f3v\u00e3o Monteiro<\/a> (CEIT) &#8211; &#8220;A Import\u00e2ncia da Cria\u00e7\u00e3o e Afirma\u00e7\u00e3o de Marcas Territoriais&#8221;<\/p><p><strong>14:20<\/strong> <a href=\"https:\/\/smartravel.pt\/en\/portfolio\/domingos-pires\/\">Domingos Pires<\/a> (Portugal NTN) &#8211; &#8220;Como pode a entorno natural ser o palco perfeito para aventura e descoberta&#8221;<\/p><p><strong>14:40<\/strong> Panel Stakeholders &amp; Technologies<\/p><ul><li><a href=\"https:\/\/smartravel.pt\/en\/portfolio\/ricardo-martins\/\">Ricardo Martins<\/a> (Especialista)<\/li><li><a href=\"https:\/\/smartravel.pt\/en\/portfolio\/rui-nuno-castro\/\">Rui Castro<\/a> (Startups e Inova\u00e7\u00e3o)<\/li><li><a href=\"https:\/\/smartravel.pt\/en\/portfolio\/guillaume-mandolini\/\">Guillaume Mandolini<\/a> (Smart City Galaxy)<\/li><li><a href=\"https:\/\/smartravel.pt\/en\/portfolio\/pedro-pedrosa\/\">Pedro Pedrosa<\/a> (<span style=\"color: #333333;\">Portugal A2Z<\/span>)<\/li><li><a href=\"https:\/\/smartravel.pt\/en\/portfolio\/1820\/\">Jo\u00e3o Gomes<\/a><\/li><li><p><a href=\"https:\/\/smartravel.pt\/portfolio\/vania-freitas\/\">V\u00e2nia Freitas<\/a> (Lightenjin)<\/p><\/li><\/ul><p><strong>Modera:<\/strong> <a href=\"https:\/\/smartravel.pt\/en\/portfolio\/pedro-roseiro\/\">Pedro Roseiro<\/a> (TICE.pt)<\/p><p><strong>16:00<\/strong> <a href=\"https:\/\/smartravel.pt\/en\/portfolio\/joe-appleton\/\">Joe Appleton<\/a> &#8211; &#8220;Smart Cities, Smart Regions, Smart Countries\u2026The need for real and honest content.&#8221;<\/p><p><strong>16:20<\/strong> Coffee-Break \/ Networking<\/p><p><strong>16:30<\/strong> Panel Strategies &amp; Creativeness<\/p><ul><li><a href=\"https:\/\/smartravel.pt\/en\/portfolio\/helena-freitas\/\">Helena Freitas<\/a> (Bi\u00f3loga)<\/li><li><a href=\"https:\/\/smartravel.pt\/en\/portfolio\/luis-manata-e-silva\/\">Luis Manata e Silva<\/a> (Urbanologo)<\/li><li><a href=\"https:\/\/smartravel.pt\/en\/portfolio\/paula-teles\/\">Paula Teles<\/a> (MPT)<\/li><li><a href=\"https:\/\/smartravel.pt\/en\/portfolio\/leonor-rodrigues\/\">Leonor Rodrigues<\/a> (Windows of the World)<\/li><li><a href=\"https:\/\/smartravel.pt\/en\/portfolio\/helder-bruno\/\">H\u00e9lder Bruno<\/a> (Cherry Blossom)<\/li><li><a href=\"https:\/\/smartravel.pt\/portfolio\/joao-diniz\/\">Jo\u00e3o Diniz<\/a> (Grand Hotel Luso)<\/li><li><a href=\"https:\/\/smartravel.pt\/portfolio\/nicola-henriques\/\">Nicola Henriques<\/a> (SIlos Contentor Criativo)<\/li><\/ul><div><b>Modera: <\/b><a href=\"https:\/\/smartravel.pt\/en\/portfolio\/mariana-calaca-baptista\/\">Mariana Cala\u00e7a Baptista<\/a><\/div><div>\u00a0<\/div><p><strong>18:00<\/strong> <a href=\"https:\/\/smartravel.pt\/en\/portfolio\/jorge-saraiva\/\"><b>Jorge Saraiva<\/b> <\/a>(Smart City Expert) &#8211; &#8220;Os desafios da tecnologia num mundo sem cidad\u00e3os&#8221;<\/p><p><strong>18:20<\/strong> Encerramento<\/p>\t\t\t\t\t\t<\/div>\n\t\t\t\t<\/div>\n\t\t\t\t\t<\/div>\n\t\t<\/div>\n\t\t\t\t\t<\/div>\n\t\t<\/section>\n\t\t\t\t<\/div>\n\t\t","protected":false},"excerpt":{"rendered":"<p>AGENDA DAY 17 14:00 Visit Luso (Meeting Point IVV Mealhada 13h45) 15:30 Visit Mealhada During the visit, there will be<\/p>\n<p><a href=\"https:\/\/smartravel.pt\/en\/agenda\/\" class=\"more-link\">Continue reading<span class=\"screen-reader-text\">Agenda<\/span><\/a><\/p>\n","protected":false},"author":1,"featured_media":0,"parent":0,"menu_order":0,"comment_status":"closed","ping_status":"closed","template":"","meta":{"footnotes":"","_links_to":"","_links_to_target":""},"yoast_head":"<!-- This site is optimized with the Yoast SEO plugin v22.4 - https:\/\/yoast.com\/wordpress\/plugins\/seo\/ -->\n<title>Agenda - Smart Travel 2024<\/title>\n<meta name=\"robots\" content=\"index, follow, max-snippet:-1, max-image-preview:large, max-video-preview:-1\" \/>\n<link rel=\"canonical\" href=\"https:\/\/smartravel.pt\/en\/agenda\/\" \/>\n<meta property=\"og:locale\" content=\"en_US\" \/>\n<meta property=\"og:type\" content=\"article\" \/>\n<meta property=\"og:title\" content=\"Agenda - Smart Travel 2024\" \/>\n<meta property=\"og:description\" content=\"AGENDA DAY 17 14:00 Visit Luso (Meeting Point IVV Mealhada 13h45) 15:30 Visit Mealhada During the visit, there will beContinue readingAgenda\" \/>\n<meta property=\"og:url\" content=\"https:\/\/smartravel.pt\/en\/agenda\/\" \/>\n<meta property=\"og:site_name\" content=\"Smart Travel 2024\" \/>\n<meta property=\"article:publisher\" content=\"https:\/\/www.facebook.com\/smartravelevent\/\" \/>\n<meta property=\"article:modified_time\" content=\"2024-04-16T12:18:07+00:00\" \/>\n<meta property=\"og:image\" content=\"https:\/\/smartravel.pt\/wp-content\/uploads\/2020\/11\/image3.png\" \/>\n\t<meta property=\"og:image:width\" content=\"1920\" \/>\n\t<meta property=\"og:image:height\" content=\"1080\" \/>\n\t<meta property=\"og:image:type\" content=\"image\/png\" \/>\n<meta name=\"twitter:card\" content=\"summary_large_image\" \/>\n<meta name=\"twitter:site\" content=\"@smartravel\" \/>\n<meta name=\"twitter:label1\" content=\"Est. reading time\" \/>\n\t<meta name=\"twitter:data1\" content=\"2 minutes\" \/>\n<script type=\"application\/ld+json\" class=\"yoast-schema-graph\">{\"@context\":\"https:\/\/schema.org\",\"@graph\":[{\"@type\":\"WebPage\",\"@id\":\"https:\/\/smartravel.pt\/en\/agenda\/\",\"url\":\"https:\/\/smartravel.pt\/en\/agenda\/\",\"name\":\"Agenda - Smart Travel 2024\",\"isPartOf\":{\"@id\":\"https:\/\/smartravel.pt\/#website\"},\"datePublished\":\"2020-10-11T17:32:56+00:00\",\"dateModified\":\"2024-04-16T12:18:07+00:00\",\"breadcrumb\":{\"@id\":\"https:\/\/smartravel.pt\/en\/agenda\/#breadcrumb\"},\"inLanguage\":\"en-US\",\"potentialAction\":[{\"@type\":\"ReadAction\",\"target\":[\"https:\/\/smartravel.pt\/en\/agenda\/\"]}]},{\"@type\":\"BreadcrumbList\",\"@id\":\"https:\/\/smartravel.pt\/en\/agenda\/#breadcrumb\",\"itemListElement\":[{\"@type\":\"ListItem\",\"position\":1,\"name\":\"In\u00edcio\",\"item\":\"https:\/\/smartravel.pt\/en\/\"},{\"@type\":\"ListItem\",\"position\":2,\"name\":\"Agenda\"}]},{\"@type\":\"WebSite\",\"@id\":\"https:\/\/smartravel.pt\/#website\",\"url\":\"https:\/\/smartravel.pt\/\",\"name\":\"Smart Travel 2024\",\"description\":\"Intelligence Is Our Destination\",\"publisher\":{\"@id\":\"https:\/\/smartravel.pt\/#organization\"},\"potentialAction\":[{\"@type\":\"SearchAction\",\"target\":{\"@type\":\"EntryPoint\",\"urlTemplate\":\"https:\/\/smartravel.pt\/?s={search_term_string}\"},\"query-input\":\"required name=search_term_string\"}],\"inLanguage\":\"en-US\"},{\"@type\":\"Organization\",\"@id\":\"https:\/\/smartravel.pt\/#organization\",\"name\":\"Smart Travel 2024\",\"url\":\"https:\/\/smartravel.pt\/\",\"logo\":{\"@type\":\"ImageObject\",\"inLanguage\":\"en-US\",\"@id\":\"https:\/\/smartravel.pt\/#\/schema\/logo\/image\/\",\"url\":\"https:\/\/smartravel.pt\/wp-content\/uploads\/2024\/02\/cropped-smartravel_logo24_b.png\",\"contentUrl\":\"https:\/\/smartravel.pt\/wp-content\/uploads\/2024\/02\/cropped-smartravel_logo24_b.png\",\"width\":965,\"height\":404,\"caption\":\"Smart Travel 2024\"},\"image\":{\"@id\":\"https:\/\/smartravel.pt\/#\/schema\/logo\/image\/\"},\"sameAs\":[\"https:\/\/www.facebook.com\/smartravelevent\/\",\"https:\/\/twitter.com\/smartravel\"]}]}<\/script>\n<!-- \/ Yoast SEO plugin. -->","yoast_head_json":{"title":"Agenda - Smart Travel 2024","robots":{"index":"index","follow":"follow","max-snippet":"max-snippet:-1","max-image-preview":"max-image-preview:large","max-video-preview":"max-video-preview:-1"},"canonical":"https:\/\/smartravel.pt\/en\/agenda\/","og_locale":"en_US","og_type":"article","og_title":"Agenda - Smart Travel 2024","og_description":"AGENDA DAY 17 14:00 Visit Luso (Meeting Point IVV Mealhada 13h45) 15:30 Visit Mealhada During the visit, there will beContinue readingAgenda","og_url":"https:\/\/smartravel.pt\/en\/agenda\/","og_site_name":"Smart Travel 2024","article_publisher":"https:\/\/www.facebook.com\/smartravelevent\/","article_modified_time":"2024-04-16T12:18:07+00:00","og_image":[{"width":1920,"height":1080,"url":"https:\/\/smartravel.pt\/wp-content\/uploads\/2020\/11\/image3.png","type":"image\/png"}],"twitter_card":"summary_large_image","twitter_site":"@smartravel","twitter_misc":{"Est. reading time":"2 minutes"},"schema":{"@context":"https:\/\/schema.org","@graph":[{"@type":"WebPage","@id":"https:\/\/smartravel.pt\/en\/agenda\/","url":"https:\/\/smartravel.pt\/en\/agenda\/","name":"Agenda - Smart Travel 2024","isPartOf":{"@id":"https:\/\/smartravel.pt\/#website"},"datePublished":"2020-10-11T17:32:56+00:00","dateModified":"2024-04-16T12:18:07+00:00","breadcrumb":{"@id":"https:\/\/smartravel.pt\/en\/agenda\/#breadcrumb"},"inLanguage":"en-US","potentialAction":[{"@type":"ReadAction","target":["https:\/\/smartravel.pt\/en\/agenda\/"]}]},{"@type":"BreadcrumbList","@id":"https:\/\/smartravel.pt\/en\/agenda\/#breadcrumb","itemListElement":[{"@type":"ListItem","position":1,"name":"In\u00edcio","item":"https:\/\/smartravel.pt\/en\/"},{"@type":"ListItem","position":2,"name":"Agenda"}]},{"@type":"WebSite","@id":"https:\/\/smartravel.pt\/#website","url":"https:\/\/smartravel.pt\/","name":"Smart Travel 2024","description":"Intelligence Is Our Destination","publisher":{"@id":"https:\/\/smartravel.pt\/#organization"},"potentialAction":[{"@type":"SearchAction","target":{"@type":"EntryPoint","urlTemplate":"https:\/\/smartravel.pt\/?s={search_term_string}"},"query-input":"required name=search_term_string"}],"inLanguage":"en-US"},{"@type":"Organization","@id":"https:\/\/smartravel.pt\/#organization","name":"Smart Travel 2024","url":"https:\/\/smartravel.pt\/","logo":{"@type":"ImageObject","inLanguage":"en-US","@id":"https:\/\/smartravel.pt\/#\/schema\/logo\/image\/","url":"https:\/\/smartravel.pt\/wp-content\/uploads\/2024\/02\/cropped-smartravel_logo24_b.png","contentUrl":"https:\/\/smartravel.pt\/wp-content\/uploads\/2024\/02\/cropped-smartravel_logo24_b.png","width":965,"height":404,"caption":"Smart Travel 2024"},"image":{"@id":"https:\/\/smartravel.pt\/#\/schema\/logo\/image\/"},"sameAs":["https:\/\/www.facebook.com\/smartravelevent\/","https:\/\/twitter.com\/smartravel"]}]}},"_links":{"self":[{"href":"https:\/\/smartravel.pt\/en\/wp-json\/wp\/v2\/pages\/323"}],"collection":[{"href":"https:\/\/smartravel.pt\/en\/wp-json\/wp\/v2\/pages"}],"about":[{"href":"https:\/\/smartravel.pt\/en\/wp-json\/wp\/v2\/types\/page"}],"author":[{"embeddable":true,"href":"https:\/\/smartravel.pt\/en\/wp-json\/wp\/v2\/users\/1"}],"replies":[{"embeddable":true,"href":"https:\/\/smartravel.pt\/en\/wp-json\/wp\/v2\/comments?post=323"}],"version-history":[{"count":216,"href":"https:\/\/smartravel.pt\/en\/wp-json\/wp\/v2\/pages\/323\/revisions"}],"predecessor-version":[{"id":2172,"href":"https:\/\/smartravel.pt\/en\/wp-json\/wp\/v2\/pages\/323\/revisions\/2172"}],"wp:attachment":[{"href":"https:\/\/smartravel.pt\/en\/wp-json\/wp\/v2\/media?parent=323"}],"curies":[{"name":"wp","href":"https:\/\/api.w.org\/{rel}","templated":true}]}}